{"id":2,"date":"2022-01-04T21:29:13","date_gmt":"2022-01-04T21:29:13","guid":{"rendered":"https:\/\/radiopaz.e-crie.com\/?page_id=2"},"modified":"2022-01-06T20:25:19","modified_gmt":"2022-01-06T20:25:19","slug":"sample-page","status":"publish","type":"page","link":"https:\/\/radiopaz.e-crie.com\/","title":{"rendered":"In\u00edcio"},"content":{"rendered":"<div id='full_slider_1'  class='avia-fullwidth-slider main_color avia-shadow   avia-builder-el-0  el_before_av_textblock  avia-builder-el-first   container_wrap sidebar_right'  ><div   data-size='featured'  data-lightbox_size='large'  data-animation='slide'  data-conditional_play=''  data-ids='260,210'  data-video_counter='0'  data-autoplay='false'  data-bg_slider='false'  data-slide_height=''  data-handle='av_slideshow_full'  data-interval='5'  data-class=' image_no_stretch'  data-el_id=''  data-css_id=''  data-scroll_down=''  data-control_layout='av-control-default'  data-custom_markup=''  data-perma_caption=''  data-autoplay_stopper=''  data-image_attachment=''  data-min_height='0px'  data-lazy_loading='disabled'  data-src=''  data-position='top left'  data-repeat='no-repeat'  data-attach='scroll'  data-stretch='image_no_stretch'  data-img_scrset=''  data-default-height='28.666666666667'  class='avia-slideshow avia-slideshow-1  av-control-default av-default-height-applied avia-slideshow-featured av_slideshow_full  image_no_stretch avia-slide-slider '  itemprop=\"image\" itemscope=\"itemscope\" itemtype=\"https:\/\/schema.org\/ImageObject\" ><ul class='avia-slideshow-inner ' style='padding-bottom: 33.59375%;' ><li  class=' slide-1 ' ><div data-rel='slideshow-1' class='avia-slide-wrap '   ><img decoding=\"async\" class=\"wp-image-260 avia-img-lazy-loading-not-260\"  src=\"https:\/\/radiopaz.e-crie.com\/wp-content\/uploads\/2022\/01\/slide_1-1-1280x430.jpg\" width=\"1280\" height=\"430\" title='slide_1' alt=''  itemprop=\"thumbnailUrl\"   \/><\/div><\/li><li  class=' slide-2 ' ><div data-rel='slideshow-1' class='avia-slide-wrap '   ><img decoding=\"async\" class=\"wp-image-210 avia-img-lazy-loading-not-210\"  src=\"https:\/\/radiopaz.e-crie.com\/wp-content\/uploads\/2022\/01\/slide_2-1280x430.jpg\" width=\"1280\" height=\"430\" title='slide_2' alt=''  itemprop=\"thumbnailUrl\"   \/><\/div><\/li><\/ul><div class='avia-slideshow-arrows avia-slideshow-controls' ><a href='#prev' class='prev-slide ' aria-hidden='true' data-av_icon='\ue87c' data-av_iconfont='entypo-fontello'  tabindex='-1'>Previous<\/a><a href='#next' class='next-slide ' aria-hidden='true' data-av_icon='\ue87d' data-av_iconfont='entypo-fontello'  tabindex='-1'>Next<\/a><\/div><div class='avia-slideshow-dots avia-slideshow-controls'><a href='#1' class='goto-slide active' >1<\/a><a href='#2' class='goto-slide ' >2<\/a><\/div><\/div><\/div><div id='after_full_slider_1'  class='main_color av_default_container_wrap container_wrap sidebar_right'  ><div class='container av-section-cont-open' ><div class='template-page content  av-content-small alpha units'><div class='post-entry post-entry-type-page post-entry-2'><div class='entry-content-wrapper clearfix'>\n<section  class='av_textblock_section av-38vu-cd9fd3dbb303c453dfecd78d9aa11856 '  itemscope=\"itemscope\" itemtype=\"https:\/\/schema.org\/CreativeWork\" ><div class='avia_textblock '  itemprop=\"text\" ><div class=\"bdp_wrapper layout_id_1\"><div class=\"bdp_blog_template blog_template clicky  \">\n                <div class=\"bdp-post-image\">\n        <div class=\"clicky-wrap-middel\">\n            <figure class=\" \"><a href=\"https:\/\/radiopaz.e-crie.com\/?p=1017\" class=\"clicky-img-link\"><img decoding=\"async\" alt=\"Feature image not available\" src=\"https:\/\/radiopaz.e-crie.com\/wp-content\/plugins\/blog-designer-pro\/images\/No_available_deport.gif\" \/><\/a>                    <div class=\"bdp-pinterest-share-image\">\n                                                <a target=\"_blank\" href=\"https:\/\/pinterest.com\/pin\/create\/button\/?url=https:\/\/radiopaz.e-crie.com\/?p=1017&media=\" rel=\"noopener\"><\/a>\n                    <\/div>\n                    <\/figure><div class=\"read-more-div\"><a class=\"more-tag\" href=\"https:\/\/radiopaz.e-crie.com\/?p=1017\">Leia mais <\/a><\/div>        <\/div>\n    <\/div>\n\n    <div class=\"clicky-wrap\">\n        <div class=\"clicky-wrap-middel\">\n            \n            <h2 class=\"post-title\">\n                <a href=\"https:\/\/radiopaz.e-crie.com\/?p=1017\" title=\"*Pagamenti Anonimi nei Casin\u00f2 Online: Guida Pratica per Principianti alle Opzioni Prepagate pi\u00f9 Sicure*\">*Pagamenti Anonimi nei Casin\u00f2 Online: Guida Pratica per Principianti alle Opzioni Prepagate pi\u00f9 Sicure*<\/a>            <\/h2>\n\n            <div class=\"post_content\">\n                *Pagamenti Anonimi nei Casin\u00f2 Online: Guida Pratica per Principianti alle Opzioni Prepagate pi\u00f9 Sicure* La sicurezza dei pagamenti \u00e8 il            <\/div>\n\n            \n                    <\/div>\n    <\/div>\n    <\/div><div class=\"bdp_blog_template blog_template clicky  even_class\">\n                <div class=\"bdp-post-image\">\n        <div class=\"clicky-wrap-middel\">\n            <figure class=\" \"><a href=\"https:\/\/radiopaz.e-crie.com\/?p=1015\" class=\"clicky-img-link\"><img decoding=\"async\" alt=\"Feature image not available\" src=\"https:\/\/radiopaz.e-crie.com\/wp-content\/plugins\/blog-designer-pro\/images\/No_available_deport.gif\" \/><\/a>                    <div class=\"bdp-pinterest-share-image\">\n                                                <a target=\"_blank\" href=\"https:\/\/pinterest.com\/pin\/create\/button\/?url=https:\/\/radiopaz.e-crie.com\/?p=1015&media=\" rel=\"noopener\"><\/a>\n                    <\/div>\n                    <\/figure><div class=\"read-more-div\"><a class=\"more-tag\" href=\"https:\/\/radiopaz.e-crie.com\/?p=1015\">Leia mais <\/a><\/div>        <\/div>\n    <\/div>\n\n    <div class=\"clicky-wrap\">\n        <div class=\"clicky-wrap-middel\">\n            \n            <h2 class=\"post-title\">\n                <a href=\"https:\/\/radiopaz.e-crie.com\/?p=1015\" title=\"Strategie di acquisizione dei migliori casin\u00f2 online: partnership intelligenti per moltiplicare bonus e free spin\">Strategie di acquisizione dei migliori casin\u00f2 online: partnership intelligenti per moltiplicare bonus e free spin<\/a>            <\/h2>\n\n            <div class=\"post_content\">\n                Strategie di acquisizione dei migliori casin\u00f2 online: partnership intelligenti per moltiplicare bonus e free spin Il mercato italiano del gioco            <\/div>\n\n            \n                    <\/div>\n    <\/div>\n    <\/div><div class=\"bdp_blog_template blog_template clicky  \">\n                <div class=\"bdp-post-image\">\n        <div class=\"clicky-wrap-middel\">\n            <figure class=\" \"><a href=\"https:\/\/radiopaz.e-crie.com\/?p=1013\" class=\"clicky-img-link\"><img decoding=\"async\" alt=\"Feature image not available\" src=\"https:\/\/radiopaz.e-crie.com\/wp-content\/plugins\/blog-designer-pro\/images\/No_available_deport.gif\" \/><\/a>                    <div class=\"bdp-pinterest-share-image\">\n                                                <a target=\"_blank\" href=\"https:\/\/pinterest.com\/pin\/create\/button\/?url=https:\/\/radiopaz.e-crie.com\/?p=1013&media=\" rel=\"noopener\"><\/a>\n                    <\/div>\n                    <\/figure><div class=\"read-more-div\"><a class=\"more-tag\" href=\"https:\/\/radiopaz.e-crie.com\/?p=1013\">Leia mais <\/a><\/div>        <\/div>\n    <\/div>\n\n    <div class=\"clicky-wrap\">\n        <div class=\"clicky-wrap-middel\">\n            \n            <h2 class=\"post-title\">\n                <a href=\"https:\/\/radiopaz.e-crie.com\/?p=1013\" title=\"Blackjack dal Vivo a Confronto : Qualit\u00e0 dei Dealer nei Casin\u00f2 Moderni vs le Alternative Tradizionali\">Blackjack dal Vivo a Confronto : Qualit\u00e0 dei Dealer nei Casin\u00f2 Moderni vs le Alternative Tradizionali<\/a>            <\/h2>\n\n            <div class=\"post_content\">\n                Blackjack dal Vivo a Confronto : Qualit\u00e0 dei Dealer nei Casin\u00f2 Moderni vs le Alternative Tradizionali Negli ultimi cinque anni            <\/div>\n\n            \n                    <\/div>\n    <\/div>\n    <\/div><div class=\"bdp_blog_template blog_template clicky  even_class\">\n                <div class=\"bdp-post-image\">\n        <div class=\"clicky-wrap-middel\">\n            <figure class=\" \"><a href=\"https:\/\/radiopaz.e-crie.com\/?p=1011\" class=\"clicky-img-link\"><img decoding=\"async\" alt=\"Feature image not available\" src=\"https:\/\/radiopaz.e-crie.com\/wp-content\/plugins\/blog-designer-pro\/images\/No_available_deport.gif\" \/><\/a>                    <div class=\"bdp-pinterest-share-image\">\n                                                <a target=\"_blank\" href=\"https:\/\/pinterest.com\/pin\/create\/button\/?url=https:\/\/radiopaz.e-crie.com\/?p=1011&media=\" rel=\"noopener\"><\/a>\n                    <\/div>\n                    <\/figure><div class=\"read-more-div\"><a class=\"more-tag\" href=\"https:\/\/radiopaz.e-crie.com\/?p=1011\">Leia mais <\/a><\/div>        <\/div>\n    <\/div>\n\n    <div class=\"clicky-wrap\">\n        <div class=\"clicky-wrap-middel\">\n            \n            <h2 class=\"post-title\">\n                <a href=\"https:\/\/radiopaz.e-crie.com\/?p=1011\" title=\"Strategic Use of Free Spins: Comparing Social Dynamics in Single\u2011Player vs Multiplayer iGaming Experiences\">Strategic Use of Free Spins: Comparing Social Dynamics in Single\u2011Player vs Multiplayer iGaming Experiences<\/a>            <\/h2>\n\n            <div class=\"post_content\">\n                Strategic Use of Free Spins: Comparing Social Dynamics in Single\u2011Player vs Multiplayer iGaming Experiences Le promozioni con giri gratuiti sono            <\/div>\n\n            \n                    <\/div>\n    <\/div>\n    <\/div><div class=\"bdp_blog_template blog_template clicky  \">\n                <div class=\"bdp-post-image\">\n        <div class=\"clicky-wrap-middel\">\n            <figure class=\" \"><a href=\"https:\/\/radiopaz.e-crie.com\/?p=1009\" class=\"clicky-img-link\"><img decoding=\"async\" alt=\"Feature image not available\" src=\"https:\/\/radiopaz.e-crie.com\/wp-content\/plugins\/blog-designer-pro\/images\/No_available_deport.gif\" \/><\/a>                    <div class=\"bdp-pinterest-share-image\">\n                                                <a target=\"_blank\" href=\"https:\/\/pinterest.com\/pin\/create\/button\/?url=https:\/\/radiopaz.e-crie.com\/?p=1009&media=\" rel=\"noopener\"><\/a>\n                    <\/div>\n                    <\/figure><div class=\"read-more-div\"><a class=\"more-tag\" href=\"https:\/\/radiopaz.e-crie.com\/?p=1009\">Leia mais <\/a><\/div>        <\/div>\n    <\/div>\n\n    <div class=\"clicky-wrap\">\n        <div class=\"clicky-wrap-middel\">\n            \n            <h2 class=\"post-title\">\n                <a href=\"https:\/\/radiopaz.e-crie.com\/?p=1009\" title=\"MGA vs Altri Regolatori: Tornei di Slot e Scelta del Giocatore Online\">MGA vs Altri Regolatori: Tornei di Slot e Scelta del Giocatore Online<\/a>            <\/h2>\n\n            <div class=\"post_content\">\n                MGA vs Altri Regolatori: Tornei di Slot e Scelta del Giocatore Online Il mercato dei casin\u00f2 online in Europa sta            <\/div>\n\n            \n                    <\/div>\n    <\/div>\n    <\/div><div class=\"wl_pagination_box template-1\"><nav class=\"navigation paging-navigation\" role=\"navigation\"><ul class='page-numbers'>\n\t<li><span aria-current=\"page\" class=\"page-numbers current\">1<\/span><\/li>\n\t<li><a class=\"page-numbers\" href=\"https:\/\/radiopaz.e-crie.com\/index.php\/?paged=2&#038;rest_route=%2Fwp%2Fv2%2Fpages%2F2\">2<\/a><\/li>\n\t<li><span class=\"page-numbers dots\">&hellip;<\/span><\/li>\n\t<li><a class=\"page-numbers\" href=\"https:\/\/radiopaz.e-crie.com\/index.php\/?paged=60&#038;rest_route=%2Fwp%2Fv2%2Fpages%2F2\">60<\/a><\/li>\n\t<li><a class=\"next page-numbers\" href=\"https:\/\/radiopaz.e-crie.com\/index.php\/?paged=2&#038;rest_route=%2Fwp%2Fv2%2Fpages%2F2\">Next &rarr;<\/a><\/li>\n<\/ul>\n<\/nav><\/div><\/div>\n<\/div><\/section>\n","protected":false},"excerpt":{"rendered":"","protected":false},"author":1,"featured_media":0,"parent":0,"menu_order":0,"comment_status":"closed","ping_status":"open","template":"","meta":{"footnotes":""},"class_list":["post-2","page","type-page","status-publish","hentry"],"_links":{"self":[{"href":"https:\/\/radiopaz.e-crie.com\/index.php?rest_route=\/wp\/v2\/pages\/2","targetHints":{"allow":["GET"]}}],"collection":[{"href":"https:\/\/radiopaz.e-crie.com\/index.php?rest_route=\/wp\/v2\/pages"}],"about":[{"href":"https:\/\/radiopaz.e-crie.com\/index.php?rest_route=\/wp\/v2\/types\/page"}],"author":[{"embeddable":true,"href":"https:\/\/radiopaz.e-crie.com\/index.php?rest_route=\/wp\/v2\/users\/1"}],"replies":[{"embeddable":true,"href":"https:\/\/radiopaz.e-crie.com\/index.php?rest_route=%2Fwp%2Fv2%2Fcomments&post=2"}],"version-history":[{"count":7,"href":"https:\/\/radiopaz.e-crie.com\/index.php?rest_route=\/wp\/v2\/pages\/2\/revisions"}],"predecessor-version":[{"id":261,"href":"https:\/\/radiopaz.e-crie.com\/index.php?rest_route=\/wp\/v2\/pages\/2\/revisions\/261"}],"wp:attachment":[{"href":"https:\/\/radiopaz.e-crie.com\/index.php?rest_route=%2Fwp%2Fv2%2Fmedia&parent=2"}],"curies":[{"name":"wp","href":"https:\/\/api.w.org\/{rel}","templated":true}]}}